{"id":68,"date":"2024-10-08T06:49:00","date_gmt":"2024-10-08T06:49:00","guid":{"rendered":"https:\/\/demo2wpopal.b-cdn.net\/zipli\/?page_id=68"},"modified":"2026-01-05T03:31:25","modified_gmt":"2026-01-05T06:31:25","slug":"contact","status":"publish","type":"page","link":"https:\/\/hikeinrio.com\/pt\/contact\/","title":{"rendered":"Contato"},"content":{"rendered":"<div data-elementor-type=\"wp-page\" data-elementor-id=\"68\" class=\"elementor elementor-68\">\n\t\t\t\t<div class=\"elementor-element elementor-element-8c906ee e-flex e-con-boxed e-con e-parent\" data-id=\"8c906ee\" data-element_type=\"container\">\n\t\t\t\t\t<div class=\"e-con-inner\">\n\t\t<div class=\"elementor-element elementor-element-9fbb39f e-con-full e-flex e-con e-child\" data-id=\"9fbb39f\" data-element_type=\"container\">\n\t\t\t\t<div class=\"elementor-element elementor-element-560ffad elementor-widget elementor-widget-heading\" data-id=\"560ffad\" data-element_type=\"widget\" data-widget_type=\"heading.default\">\n\t\t\t\t<div class=\"elementor-widget-container\">\n\t\t\t\t\t<h3 class=\"elementor-heading-title elementor-size-default\">Informa\u00e7\u00f5es de Contato<\/h3>\t\t\t\t<\/div>\n\t\t\t\t<\/div>\n\t\t\t\t<div class=\"elementor-element elementor-element-3520646 elementor-widget elementor-widget-text-editor\" data-id=\"3520646\" data-element_type=\"widget\" data-widget_type=\"text-editor.default\">\n\t\t\t\t<div class=\"elementor-widget-container\">\n\t\t\t\t\t\t\t\t\t<p class=\"p1\"><b>Adorar\u00edamos ouvir voc\u00ea!<\/b><\/p><p class=\"p1\"><b><\/b>Tem alguma d\u00favida, precisa de ajuda para planejar sua aventura ou quer compartilhar sua experi\u00eancia? Fale com a gente \u2014 estamos aqui para ajudar.<\/p>\t\t\t\t\t\t\t\t<\/div>\n\t\t\t\t<\/div>\n\t\t\t\t<div class=\"elementor-element elementor-element-3f488fe elementor-view-stacked elementor-position-left elementor-mobile-position-left elementor-vertical-align-middle elementor-vertical-align-middle animated-fast elementor-shape-circle elementor-invisible elementor-widget elementor-widget-icon-box\" data-id=\"3f488fe\" data-element_type=\"widget\" data-settings=\"{&quot;_animation&quot;:&quot;opal-move-up&quot;}\" data-widget_type=\"icon-box.default\">\n\t\t\t\t<div class=\"elementor-widget-container\">\n\t\t\t\t\t\t\t<div class=\"elementor-icon-box-wrapper\">\n\n\t\t\t\t\t\t<div class=\"elementor-icon-box-icon\">\n\t\t\t\t<span  class=\"elementor-icon\">\n\t\t\t\t<i aria-hidden=\"true\" class=\"zipli-icon- zipli-icon-map-pin\"><\/i>\t\t\t\t<\/span>\n\t\t\t<\/div>\n\t\t\t\n\t\t\t\t\t\t<div class=\"elementor-icon-box-content\">\n\n\t\t\t\t\n\t\t\t\t\t\t\t\t\t<p class=\"elementor-icon-box-description\">\n\t\t\t\t\t\tRio de Janeiro - RJ\t\t\t\t\t<\/p>\n\t\t\t\t\n\t\t\t<\/div>\n\t\t\t\n\t\t<\/div>\n\t\t\t\t\t\t<\/div>\n\t\t\t\t<\/div>\n\t\t\t\t<div class=\"elementor-element elementor-element-92037ee elementor-view-stacked elementor-position-left elementor-mobile-position-left elementor-vertical-align-middle animated-fast elementor-shape-circle elementor-invisible elementor-widget elementor-widget-icon-box\" data-id=\"92037ee\" data-element_type=\"widget\" data-settings=\"{&quot;_animation&quot;:&quot;opal-move-up&quot;}\" data-widget_type=\"icon-box.default\">\n\t\t\t\t<div class=\"elementor-widget-container\">\n\t\t\t\t\t\t\t<div class=\"elementor-icon-box-wrapper\">\n\n\t\t\t\t\t\t<div class=\"elementor-icon-box-icon\">\n\t\t\t\t<span  class=\"elementor-icon\">\n\t\t\t\t<i aria-hidden=\"true\" class=\"zipli-icon- zipli-icon-phone\"><\/i>\t\t\t\t<\/span>\n\t\t\t<\/div>\n\t\t\t\n\t\t\t\t\t\t<div class=\"elementor-icon-box-content\">\n\n\t\t\t\t\n\t\t\t\t\t\t\t\t\t<p class=\"elementor-icon-box-description\">\n\t\t\t\t\t\t+55 21 98633-6914\t\t\t\t\t<\/p>\n\t\t\t\t\n\t\t\t<\/div>\n\t\t\t\n\t\t<\/div>\n\t\t\t\t\t\t<\/div>\n\t\t\t\t<\/div>\n\t\t\t\t<div class=\"elementor-element elementor-element-f17cf36 elementor-view-stacked elementor-position-left elementor-mobile-position-left elementor-vertical-align-middle animated-fast elementor-shape-circle elementor-invisible elementor-widget elementor-widget-icon-box\" data-id=\"f17cf36\" data-element_type=\"widget\" data-settings=\"{&quot;_animation&quot;:&quot;opal-move-up&quot;}\" data-widget_type=\"icon-box.default\">\n\t\t\t\t<div class=\"elementor-widget-container\">\n\t\t\t\t\t\t\t<div class=\"elementor-icon-box-wrapper\">\n\n\t\t\t\t\t\t<div class=\"elementor-icon-box-icon\">\n\t\t\t\t<span  class=\"elementor-icon\">\n\t\t\t\t<i aria-hidden=\"true\" class=\"zipli-icon- zipli-icon-e-mail\"><\/i>\t\t\t\t<\/span>\n\t\t\t<\/div>\n\t\t\t\n\t\t\t\t\t\t<div class=\"elementor-icon-box-content\">\n\n\t\t\t\t\n\t\t\t\t\t\t\t\t\t<p class=\"elementor-icon-box-description\">\n\t\t\t\t\t\thello@hikeinrio.com\n\t\t\t\t\t<\/p>\n\t\t\t\t\n\t\t\t<\/div>\n\t\t\t\n\t\t<\/div>\n\t\t\t\t\t\t<\/div>\n\t\t\t\t<\/div>\n\t\t\t\t<\/div>\n\t\t<div class=\"elementor-element elementor-element-0a20163 e-con-full e-flex e-con e-child\" data-id=\"0a20163\" data-element_type=\"container\" data-settings=\"{&quot;background_background&quot;:&quot;classic&quot;}\">\n\t\t\t\t<div class=\"elementor-element elementor-element-e3c288a elementor-widget elementor-widget-heading\" data-id=\"e3c288a\" data-element_type=\"widget\" data-widget_type=\"heading.default\">\n\t\t\t\t<div class=\"elementor-widget-container\">\n\t\t\t\t\t<h3 class=\"elementor-heading-title elementor-size-default\">Fale Conosco<\/h3>\t\t\t\t<\/div>\n\t\t\t\t<\/div>\n\t\t\t\t<div class=\"elementor-element elementor-element-860135e elementor-widget__width-inherit elementor-widget elementor-widget-text-editor\" data-id=\"860135e\" data-element_type=\"widget\" data-widget_type=\"text-editor.default\">\n\t\t\t\t<div class=\"elementor-widget-container\">\n\t\t\t\t\t\t\t\t\t<p class=\"p1\"><strong>Tem alguma pergunta? <\/strong>Preencha o formul\u00e1rio abaixo e responderemos o mais r\u00e1pido poss\u00edvel. Seja sobre uma reserva, uma trilha ou um roteiro personalizado \u2014 estamos prontos para ajudar!<\/p>\t\t\t\t\t\t\t\t<\/div>\n\t\t\t\t<\/div>\n\t\t\t\t<div class=\"elementor-element elementor-element-cc4b09b elementor-widget elementor-widget-zipli-contactform\" data-id=\"cc4b09b\" data-element_type=\"widget\" data-widget_type=\"zipli-contactform.default\">\n\t\t\t\t<div class=\"elementor-widget-container\">\n\t\t\t\t\t\n<div class=\"wpcf7 no-js\" id=\"wpcf7-f40-o1\" lang=\"en-US\" dir=\"ltr\" data-wpcf7-id=\"40\">\n<div class=\"screen-reader-response\"><p role=\"status\" aria-live=\"polite\" aria-atomic=\"true\"><\/p> <ul><\/ul><\/div>\n<form action=\"\/pt\/wp-json\/wp\/v2\/pages\/68#wpcf7-f40-o1\" method=\"post\" class=\"wpcf7-form init\" aria-label=\"Contact form\" novalidate=\"novalidate\" data-status=\"init\" data-trp-original-action=\"\/pt\/wp-json\/wp\/v2\/pages\/68#wpcf7-f40-o1\">\n<fieldset class=\"hidden-fields-container\"><input type=\"hidden\" name=\"_wpcf7\" value=\"40\" \/><input type=\"hidden\" name=\"_wpcf7_version\" value=\"6.1.5\" \/><input type=\"hidden\" name=\"_wpcf7_locale\" value=\"en_US\" \/><input type=\"hidden\" name=\"_wpcf7_unit_tag\" value=\"wpcf7-f40-o1\" \/><input type=\"hidden\" name=\"_wpcf7_container_post\" value=\"0\" \/><input type=\"hidden\" name=\"_wpcf7_posted_data_hash\" value=\"\" \/>\n<\/fieldset>\n<div class=\"row\">\n\t<div class=\"column\">\n\t\t<p><span class=\"wpcf7-form-control-wrap\" data-name=\"your-name\"><input size=\"40\" maxlength=\"400\" class=\"wpcf7-form-control wpcf7-text wpcf7-validates-as-required\" autocomplete=\"name\" aria-required=\"true\" aria-invalid=\"false\" placeholder=\"Name*\" value=\"\" type=\"text\" name=\"your-name\" \/><\/span>\n\t\t<\/p>\n\t<\/div>\n\t<div class=\"column\">\n\t\t<p><span class=\"wpcf7-form-control-wrap\" data-name=\"your-email\"><input size=\"40\" maxlength=\"400\" class=\"wpcf7-form-control wpcf7-email wpcf7-validates-as-required wpcf7-text wpcf7-validates-as-email\" autocomplete=\"email\" aria-required=\"true\" aria-invalid=\"false\" placeholder=\"Email*\" value=\"\" type=\"email\" name=\"your-email\" \/><\/span>\n\t\t<\/p>\n\t<\/div>\n<\/div>\n<p><span class=\"wpcf7-form-control-wrap\" data-name=\"your-message\"><textarea cols=\"40\" rows=\"6\" maxlength=\"2000\" class=\"wpcf7-form-control wpcf7-textarea wpcf7-validates-as-required\" aria-required=\"true\" aria-invalid=\"false\" placeholder=\"Message*\" name=\"your-message\"><\/textarea><\/span>\n<\/p>\n<div class=\"wpcf7-button\">\n\t<p><button type=\"submit\" value=\"Submit\"><span class=\"btn-text\">ENVIAR<\/span><i class=\"zipli-icon-long-arrow-right\"><\/i><\/button>\n\t<\/p>\n<\/div><div class=\"wpcf7-response-output\" aria-hidden=\"true\"><\/div>\n<input type=\"hidden\" name=\"trp-form-language\" value=\"pt\"\/><\/form>\n<\/div>\n\t\t\t\t<\/div>\n\t\t\t\t<\/div>\n\t\t\t\t<\/div>\n\t\t\t\t\t<\/div>\n\t\t\t\t<\/div>\n\t\t\t\t<\/div>","protected":false},"excerpt":{"rendered":"<p>Contact Info We\u2019d love to hear from you! Have a question, need help planning your adventure, or just want to share your experience? Reach out \u2014 we\u2019re here for you. Rio de Janeiro &#8211; RJ +55 21 98633-6914 hello@hikeinrio.com Get In Touch Got a question? Fill out the form below and we\u2019ll get back to [&hellip;]<\/p>","protected":false},"author":1,"featured_media":0,"parent":0,"menu_order":0,"comment_status":"closed","ping_status":"closed","template":"","meta":{"footnotes":""},"class_list":["post-68","page","type-page","status-publish","hentry"],"yoast_head":"<!-- This site is optimized with the Yoast SEO plugin v27.0 - https:\/\/yoast.com\/product\/yoast-seo-wordpress\/ -->\n<title>Contact - Hike in Rio<\/title>\n<meta name=\"robots\" content=\"index, follow, max-snippet:-1, max-image-preview:large, max-video-preview:-1\" \/>\n<link rel=\"canonical\" href=\"https:\/\/hikeinrio.com\/pt\/contact\/\" \/>\n<meta property=\"og:locale\" content=\"pt_BR\" \/>\n<meta property=\"og:type\" content=\"article\" \/>\n<meta property=\"og:title\" content=\"Contact - Hike in Rio\" \/>\n<meta property=\"og:description\" content=\"Contact Info We\u2019d love to hear from you! Have a question, need help planning your adventure, or just want to share your experience? Reach out \u2014 we\u2019re here for you. Rio de Janeiro &#8211; RJ +55 21 98633-6914 hello@hikeinrio.com Get In Touch Got a question? Fill out the form below and we\u2019ll get back to [&hellip;]\" \/>\n<meta property=\"og:url\" content=\"https:\/\/hikeinrio.com\/pt\/contact\/\" \/>\n<meta property=\"og:site_name\" content=\"Hike in Rio\" \/>\n<meta property=\"article:modified_time\" content=\"2026-01-05T06:31:25+00:00\" \/>\n<meta name=\"twitter:card\" content=\"summary_large_image\" \/>\n<meta name=\"twitter:label1\" content=\"Est. tempo de leitura\" \/>\n\t<meta name=\"twitter:data1\" content=\"1 minuto\" \/>\n<script type=\"application\/ld+json\" class=\"yoast-schema-graph\">{\"@context\":\"https:\/\/schema.org\",\"@graph\":[{\"@type\":\"WebPage\",\"@id\":\"https:\/\/hikeinrio.com\/contact\/\",\"url\":\"https:\/\/hikeinrio.com\/contact\/\",\"name\":\"Contact - Hike in Rio\",\"isPartOf\":{\"@id\":\"https:\/\/hikeinrio.com\/#website\"},\"datePublished\":\"2024-10-08T06:49:00+00:00\",\"dateModified\":\"2026-01-05T06:31:25+00:00\",\"breadcrumb\":{\"@id\":\"https:\/\/hikeinrio.com\/contact\/#breadcrumb\"},\"inLanguage\":\"pt-BR\",\"potentialAction\":[{\"@type\":\"ReadAction\",\"target\":[\"https:\/\/hikeinrio.com\/contact\/\"]}]},{\"@type\":\"BreadcrumbList\",\"@id\":\"https:\/\/hikeinrio.com\/contact\/#breadcrumb\",\"itemListElement\":[{\"@type\":\"ListItem\",\"position\":1,\"name\":\"In\u00edcio\",\"item\":\"https:\/\/hikeinrio.com\/\"},{\"@type\":\"ListItem\",\"position\":2,\"name\":\"Contact\"}]},{\"@type\":\"WebSite\",\"@id\":\"https:\/\/hikeinrio.com\/#website\",\"url\":\"https:\/\/hikeinrio.com\/\",\"name\":\"Hike in Rio\",\"description\":\"A different experience\",\"publisher\":{\"@id\":\"https:\/\/hikeinrio.com\/#organization\"},\"potentialAction\":[{\"@type\":\"SearchAction\",\"target\":{\"@type\":\"EntryPoint\",\"urlTemplate\":\"https:\/\/hikeinrio.com\/?s={search_term_string}\"},\"query-input\":{\"@type\":\"PropertyValueSpecification\",\"valueRequired\":true,\"valueName\":\"search_term_string\"}}],\"inLanguage\":\"pt-BR\"},{\"@type\":\"Organization\",\"@id\":\"https:\/\/hikeinrio.com\/#organization\",\"name\":\"Hike in Rio\",\"url\":\"https:\/\/hikeinrio.com\/\",\"logo\":{\"@type\":\"ImageObject\",\"inLanguage\":\"pt-BR\",\"@id\":\"https:\/\/hikeinrio.com\/#\/schema\/logo\/image\/\",\"url\":\"https:\/\/hikeinrio.com\/wp-content\/uploads\/2025\/06\/logo-hikeinrio-2x-3.png\",\"contentUrl\":\"https:\/\/hikeinrio.com\/wp-content\/uploads\/2025\/06\/logo-hikeinrio-2x-3.png\",\"width\":2400,\"height\":700,\"caption\":\"Hike in Rio\"},\"image\":{\"@id\":\"https:\/\/hikeinrio.com\/#\/schema\/logo\/image\/\"}}]}<\/script>\n<!-- \/ Yoast SEO plugin. -->","yoast_head_json":{"title":"Contact - Hike in Rio","robots":{"index":"index","follow":"follow","max-snippet":"max-snippet:-1","max-image-preview":"max-image-preview:large","max-video-preview":"max-video-preview:-1"},"canonical":"https:\/\/hikeinrio.com\/pt\/contact\/","og_locale":"pt_BR","og_type":"article","og_title":"Contact - Hike in Rio","og_description":"Contact Info We\u2019d love to hear from you! Have a question, need help planning your adventure, or just want to share your experience? Reach out \u2014 we\u2019re here for you. Rio de Janeiro &#8211; RJ +55 21 98633-6914 hello@hikeinrio.com Get In Touch Got a question? Fill out the form below and we\u2019ll get back to [&hellip;]","og_url":"https:\/\/hikeinrio.com\/pt\/contact\/","og_site_name":"Hike in Rio","article_modified_time":"2026-01-05T06:31:25+00:00","twitter_card":"summary_large_image","twitter_misc":{"Est. tempo de leitura":"1 minuto"},"schema":{"@context":"https:\/\/schema.org","@graph":[{"@type":"WebPage","@id":"https:\/\/hikeinrio.com\/contact\/","url":"https:\/\/hikeinrio.com\/contact\/","name":"Contact - Hike in Rio","isPartOf":{"@id":"https:\/\/hikeinrio.com\/#website"},"datePublished":"2024-10-08T06:49:00+00:00","dateModified":"2026-01-05T06:31:25+00:00","breadcrumb":{"@id":"https:\/\/hikeinrio.com\/contact\/#breadcrumb"},"inLanguage":"pt-BR","potentialAction":[{"@type":"ReadAction","target":["https:\/\/hikeinrio.com\/contact\/"]}]},{"@type":"BreadcrumbList","@id":"https:\/\/hikeinrio.com\/contact\/#breadcrumb","itemListElement":[{"@type":"ListItem","position":1,"name":"In\u00edcio","item":"https:\/\/hikeinrio.com\/"},{"@type":"ListItem","position":2,"name":"Contact"}]},{"@type":"WebSite","@id":"https:\/\/hikeinrio.com\/#website","url":"https:\/\/hikeinrio.com\/","name":"Hike in Rio","description":"A different experience","publisher":{"@id":"https:\/\/hikeinrio.com\/#organization"},"potentialAction":[{"@type":"SearchAction","target":{"@type":"EntryPoint","urlTemplate":"https:\/\/hikeinrio.com\/?s={search_term_string}"},"query-input":{"@type":"PropertyValueSpecification","valueRequired":true,"valueName":"search_term_string"}}],"inLanguage":"pt-BR"},{"@type":"Organization","@id":"https:\/\/hikeinrio.com\/#organization","name":"Hike in Rio","url":"https:\/\/hikeinrio.com\/","logo":{"@type":"ImageObject","inLanguage":"pt-BR","@id":"https:\/\/hikeinrio.com\/#\/schema\/logo\/image\/","url":"https:\/\/hikeinrio.com\/wp-content\/uploads\/2025\/06\/logo-hikeinrio-2x-3.png","contentUrl":"https:\/\/hikeinrio.com\/wp-content\/uploads\/2025\/06\/logo-hikeinrio-2x-3.png","width":2400,"height":700,"caption":"Hike in Rio"},"image":{"@id":"https:\/\/hikeinrio.com\/#\/schema\/logo\/image\/"}}]}},"_links":{"self":[{"href":"https:\/\/hikeinrio.com\/pt\/wp-json\/wp\/v2\/pages\/68","targetHints":{"allow":["GET"]}}],"collection":[{"href":"https:\/\/hikeinrio.com\/pt\/wp-json\/wp\/v2\/pages"}],"about":[{"href":"https:\/\/hikeinrio.com\/pt\/wp-json\/wp\/v2\/types\/page"}],"author":[{"embeddable":true,"href":"https:\/\/hikeinrio.com\/pt\/wp-json\/wp\/v2\/users\/1"}],"replies":[{"embeddable":true,"href":"https:\/\/hikeinrio.com\/pt\/wp-json\/wp\/v2\/comments?post=68"}],"version-history":[{"count":15,"href":"https:\/\/hikeinrio.com\/pt\/wp-json\/wp\/v2\/pages\/68\/revisions"}],"predecessor-version":[{"id":6557,"href":"https:\/\/hikeinrio.com\/pt\/wp-json\/wp\/v2\/pages\/68\/revisions\/6557"}],"wp:attachment":[{"href":"https:\/\/hikeinrio.com\/pt\/wp-json\/wp\/v2\/media?parent=68"}],"curies":[{"name":"wp","href":"https:\/\/api.w.org\/{rel}","templated":true}]}}